{"id":126,"date":"2023-07-28T19:17:11","date_gmt":"2023-07-28T19:17:11","guid":{"rendered":"https:\/\/acopem.com.mx\/?page_id=126"},"modified":"2023-09-14T19:01:45","modified_gmt":"2023-09-14T19:01:45","slug":"automatizacion-industrial","status":"publish","type":"page","link":"https:\/\/acopem.com.mx\/en\/automatizacion-industrial\/","title":{"rendered":"Industrial Automation"},"content":{"rendered":"<p style=\"text-align: center;\">Some of our clients<\/p>\n<p> <span> <img decoding=\"async\" alt=\"\" data-id=\"85\" width=\"2165\" height=\"1218\" title=\"Bajaj-logo\" src=\"https:\/\/acopem.com.mx\/wp-content\/uploads\/2023\/06\/Bajaj-logo-300x169.png\" data-src=\"https:\/\/acopem.com.mx\/wp-content\/uploads\/2023\/06\/Bajaj-logo-300x169.png\" loading=\"lazy\" data-sizes=\"{&quot;thumbnail&quot;:{&quot;height&quot;:150,&quot;width&quot;:150,&quot;url&quot;:&quot;https:\/\/acopem.com.mx\/wp-content\/uploads\/2023\/06\/Bajaj-logo-150x150.png&quot;,&quot;orientation&quot;:&quot;landscape&quot;},&quot;medium&quot;:{&quot;height&quot;:169,&quot;width&quot;:300,&quot;url&quot;:&quot;https:\/\/acopem.com.mx\/wp-content\/uploads\/2023\/06\/Bajaj-logo-300x169.png&quot;,&quot;orientation&quot;:&quot;landscape&quot;},&quot;large&quot;:{&quot;height&quot;:576,&quot;width&quot;:1024,&quot;url&quot;:&quot;https:\/\/acopem.com.mx\/wp-content\/uploads\/2023\/06\/Bajaj-logo-1024x576.png&quot;,&quot;orientation&quot;:&quot;landscape&quot;},&quot;full&quot;:{&quot;url&quot;:&quot;https:\/\/acopem.com.mx\/wp-content\/uploads\/2023\/06\/Bajaj-logo.png&quot;,&quot;height&quot;:1218,&quot;width&quot;:2165,&quot;orientation&quot;:&quot;landscape&quot;}}\" style=\"\"> <\/span>  <span> <img decoding=\"async\" alt=\"\" data-id=\"88\" width=\"300\" height=\"196\" title=\"Grupo de antolin\" src=\"https:\/\/acopem.com.mx\/wp-content\/uploads\/2023\/06\/Grupo-de-antolin.png\" data-src=\"https:\/\/acopem.com.mx\/wp-content\/uploads\/2023\/06\/Grupo-de-antolin.png\" loading=\"lazy\" data-sizes=\"{&quot;thumbnail&quot;:{&quot;height&quot;:150,&quot;width&quot;:150,&quot;url&quot;:&quot;https:\/\/acopem.com.mx\/wp-content\/uploads\/2023\/06\/Grupo-de-antolin-150x150.png&quot;,&quot;orientation&quot;:&quot;landscape&quot;},&quot;full&quot;:{&quot;url&quot;:&quot;https:\/\/acopem.com.mx\/wp-content\/uploads\/2023\/06\/Grupo-de-antolin.png&quot;,&quot;height&quot;:196,&quot;width&quot;:300,&quot;orientation&quot;:&quot;landscape&quot;}}\" style=\"\"> <\/span>  <span> <img decoding=\"async\" alt=\"\" data-id=\"196\" width=\"596\" height=\"221\" title=\"WhatsApp Image 2023-09-14 at 12.50.11 PM (1)\" src=\"https:\/\/acopem.com.mx\/wp-content\/uploads\/2023\/09\/WhatsApp-Image-2023-09-14-at-12.50.11-PM-1-300x111.jpeg\" data-src=\"https:\/\/acopem.com.mx\/wp-content\/uploads\/2023\/09\/WhatsApp-Image-2023-09-14-at-12.50.11-PM-1-300x111.jpeg\" loading=\"lazy\" data-sizes=\"{&quot;thumbnail&quot;:{&quot;height&quot;:150,&quot;width&quot;:150,&quot;url&quot;:&quot;https:\/\/acopem.com.mx\/wp-content\/uploads\/2023\/09\/WhatsApp-Image-2023-09-14-at-12.50.11-PM-1-150x150.jpeg&quot;,&quot;orientation&quot;:&quot;landscape&quot;},&quot;medium&quot;:{&quot;height&quot;:111,&quot;width&quot;:300,&quot;url&quot;:&quot;https:\/\/acopem.com.mx\/wp-content\/uploads\/2023\/09\/WhatsApp-Image-2023-09-14-at-12.50.11-PM-1-300x111.jpeg&quot;,&quot;orientation&quot;:&quot;landscape&quot;},&quot;full&quot;:{&quot;url&quot;:&quot;https:\/\/acopem.com.mx\/wp-content\/uploads\/2023\/09\/WhatsApp-Image-2023-09-14-at-12.50.11-PM-1.jpeg&quot;,&quot;height&quot;:221,&quot;width&quot;:596,&quot;orientation&quot;:&quot;landscape&quot;}}\" style=\"\"> <\/span>  <span> <img decoding=\"async\" alt=\"\" data-id=\"197\" width=\"1024\" height=\"1024\" title=\"WhatsApp Image 2023-09-14 at 12.50.11 PM\" src=\"https:\/\/acopem.com.mx\/wp-content\/uploads\/2023\/09\/WhatsApp-Image-2023-09-14-at-12.50.11-PM-300x300.jpeg\" data-src=\"https:\/\/acopem.com.mx\/wp-content\/uploads\/2023\/09\/WhatsApp-Image-2023-09-14-at-12.50.11-PM-300x300.jpeg\" loading=\"lazy\" data-sizes=\"{&quot;thumbnail&quot;:{&quot;height&quot;:150,&quot;width&quot;:150,&quot;url&quot;:&quot;https:\/\/acopem.com.mx\/wp-content\/uploads\/2023\/09\/WhatsApp-Image-2023-09-14-at-12.50.11-PM-150x150.jpeg&quot;,&quot;orientation&quot;:&quot;landscape&quot;},&quot;medium&quot;:{&quot;height&quot;:300,&quot;width&quot;:300,&quot;url&quot;:&quot;https:\/\/acopem.com.mx\/wp-content\/uploads\/2023\/09\/WhatsApp-Image-2023-09-14-at-12.50.11-PM-300x300.jpeg&quot;,&quot;orientation&quot;:&quot;landscape&quot;},&quot;full&quot;:{&quot;url&quot;:&quot;https:\/\/acopem.com.mx\/wp-content\/uploads\/2023\/09\/WhatsApp-Image-2023-09-14-at-12.50.11-PM.jpeg&quot;,&quot;height&quot;:1024,&quot;width&quot;:1024,&quot;orientation&quot;:&quot;landscape&quot;}}\" style=\"\"> <\/span> <\/p>\n<h2 style=\"text-align: center;\">Industrial Automation Services<\/h2>\n<p style=\"text-align: center;\">ACOPEM's team of experts takes care of analyzing each client's specific needs and developing tailor-made solutions.<\/p>\n<h4>Automation<\/h4>\n<p style=\"\"><a href=\"https:\/\/acopem.com.mx\/en\/\">PLC Programming<\/a>Programaci\u00f3n de HMI.Armado e instrumentaci\u00f3n de tableros.Actualizaci\u00f3n de controles de m\u00e1quinas.Integraci\u00f3n de Software hecho a medida con equipos de automatizaci\u00f3n y protocolos de comunicaci\u00f3n.Sistemas SCADA.<\/p>\n<p style=\"\">Desarrollo y simulaci\u00f3n de celdas de manufactura.Instalaci\u00f3n el\u00e9ctrica en celdas rob\u00f3ticas.Servicios de integraci\u00f3n a celdas ya funcionando o proyectos nuevos<\/p>\n<h4>Industry 4.0 Connectivity<\/h4>\n<p style=\"\">Adquisici\u00f3n de datos de PLC, equipos m\u00e1quinas, sistemas, equipos de medici\u00f3n.Desarrollo de interfaces para comunicaci\u00f3n entre sistemas, m\u00e1quinas, ERP.Comunicaci\u00f3n entre m\u00e1quinas M2M, m\u00e1quinas personas (M2P).Metrolog\u00eda 4.0 (Integraci\u00f3n de equipos de medici\u00f3n a sistemas).<\/p>\n<h4>Mechanical Engineering<\/h4>\n<p style=\"\">\u2022 Dise\u00f1o de dispositivos especiales\u2022 Dise\u00f1o de maquinaria\u2022 Documentaci\u00f3n t\u00e9cnica\u2022 Integraci\u00f3n<\/p>\n<h2>Why choose ACOPEM?<\/h2>\n<p>Here are some of the reasons why dozens of clients have placed their trust in us:<\/p>\n<p><strong>1. Experience and Technical Knowledge<\/strong>ACOPEM has a team of highly trained engineers and technicians with extensive experience in the design and implementation of industrial automation projects. <strong>2. Tailored Solutions <\/strong>ACOPEM stands out for providing customized solutions for your industrial automation project. Our personalized approach allows us to understand your specific needs and design systems that perfectly match your requirements.<strong>3. Cutting-Edge Technology<\/strong> The company stays at the forefront of the latest technologies in industrial automation. They use PLC control systems, SCADA, HMI, among others, which allow for precise monitoring and control.<strong>4. Commitment to Quality and Your Satisfaction<\/strong> ACOPEM is deeply committed to quality at every stage of your project. From design to commissioning, we ensure that all implemented solutions meet the highest quality standards.&nbsp;<\/p>\n<p>Testimonials<\/p>\n<h2>What our clients say<\/h2>\n<p>carlos p\u00e9rez<\/p>\n<h6>Operations Director<\/h6>\n<p>\u00abEstamos muy satisfechos con el servicio de automatizaci\u00f3n industrial que recibimos de ACOPEM. Gracias a su equipo de ingenieros , logramos optimizar nuestros procesos de producci\u00f3n y mejorar la eficiencia en nuestra planta. Los sistemas de control PLC y SCADA implementados por ACOPEM nos permiten monitorear en tiempo real toda la l\u00ednea de producci\u00f3n.\u00bb<\/p>\n<p>roberto n\u00fa\u00f1ez<\/p>\n<h6>Production Manager<\/h6>\n<p style=\"\">ACOPEM super\u00f3 nuestras expectativas con su servicio de automatizaci\u00f3n industrial. Nos ayudaron a modernizar nuestras operaciones y mejorar la eficiencia en nuestra planta de manera excepcional. Su equipo de expertos dise\u00f1\u00f3 un sistema de control personalizado que se ajusta perfectamente a nuestras necesidades y nos ha permitido reducir considerablemente el tiempo de producci\u00f3n y minimizar errores.\u00bb<\/p>","protected":false},"excerpt":{"rendered":"<p>Algunos de nuestros clientes Servicios de Automatizaci\u00f3n Industrial El equipo de expertos de ACOPEM se encarga de analizar las necesidades espec\u00edficas de cada cliente y desarrollar soluciones a medida Automatizaci\u00f3n Programaci\u00f3n de PLC\u00b4S.Programaci\u00f3n de HMI.Armado e instrumentaci\u00f3n de tableros.Actualizaci\u00f3n de controles de m\u00e1quinas.Integraci\u00f3n de Software hecho a medida con equipos de automatizaci\u00f3n y protocolos de [&hellip;]<\/p>","protected":false},"author":1,"featured_media":130,"parent":0,"menu_order":0,"comment_status":"closed","ping_status":"closed","template":"","meta":{"footnotes":""},"class_list":["post-126","page","type-page","status-publish","has-post-thumbnail","hentry","post-wrapper","thrv_wrapper"],"_links":{"self":[{"href":"https:\/\/acopem.com.mx\/en\/wp-json\/wp\/v2\/pages\/126","targetHints":{"allow":["GET"]}}],"collection":[{"href":"https:\/\/acopem.com.mx\/en\/wp-json\/wp\/v2\/pages"}],"about":[{"href":"https:\/\/acopem.com.mx\/en\/wp-json\/wp\/v2\/types\/page"}],"author":[{"embeddable":true,"href":"https:\/\/acopem.com.mx\/en\/wp-json\/wp\/v2\/users\/1"}],"replies":[{"embeddable":true,"href":"https:\/\/acopem.com.mx\/en\/wp-json\/wp\/v2\/comments?post=126"}],"version-history":[{"count":12,"href":"https:\/\/acopem.com.mx\/en\/wp-json\/wp\/v2\/pages\/126\/revisions"}],"predecessor-version":[{"id":216,"href":"https:\/\/acopem.com.mx\/en\/wp-json\/wp\/v2\/pages\/126\/revisions\/216"}],"wp:featuredmedia":[{"embeddable":true,"href":"https:\/\/acopem.com.mx\/en\/wp-json\/wp\/v2\/media\/130"}],"wp:attachment":[{"href":"https:\/\/acopem.com.mx\/en\/wp-json\/wp\/v2\/media?parent=126"}],"curies":[{"name":"wp","href":"https:\/\/api.w.org\/{rel}","templated":true}]}}