{"id":32,"date":"2023-06-15T02:59:05","date_gmt":"2023-06-15T02:59:05","guid":{"rendered":"https:\/\/acopem.com.mx\/?page_id=32"},"modified":"2023-06-15T03:04:47","modified_gmt":"2023-06-15T03:04:47","slug":"aviso-de-privacidad","status":"publish","type":"page","link":"https:\/\/acopem.com.mx\/en\/aviso-de-privacidad\/","title":{"rendered":"Aviso de Privacidad"},"content":{"rendered":"<p>ACOPEM, con domicilio en calle Nueva Anzures #10, Santiago Tlaxomulco, Toluca De Lerdo, Edo. M\u00e9x., y portal de internet acopem.com.mx, es el responsable del uso y protecci\u00f3n de sus datos personales, y al respecto le informamos lo siguiente:<\/p>\n<p>\u00bfPara qu\u00e9 fines utilizaremos sus datos personales?Los datos personales que recabamos de usted, los utilizaremos para las siguientes finalidades que son necesarias para el servicio que solicita:De manera adicional, utilizaremos su informaci\u00f3n personal para las siguientes finalidades secundarias que no son necesarias para el servicio solicitado, pero que nos permiten y facilitan brindarle una mejor atenci\u00f3n:Proporcionar informaci\u00f3n sobre serviciosEnviar informaci\u00f3n sobre costo de serviciosMercadotecnia o publicitariaProspecci\u00f3n comercial<\/p>\n<p>En caso de que no desee que sus datos personales sean tratados para estos fines secundarios, desde este momento usted nos puede comunicar lo anterior a trav\u00e9s del siguiente mecanismo:Enviando un mensaje a ventas@acopem.com.mx informando su deseo de no recibir mensajes publicitariosLa negativa para el uso de sus datos personales para estas finalidades no podr\u00e1 ser un motivo para que le neguemos los servicios y productos que solicita o contrata con nosotros.\u00bfQu\u00e9 datos personales utilizaremos para estos fines?Para llevar a cabo las finalidades descritas en el presente aviso de privacidad, utilizaremos los siguientes datos personales:NombreTel\u00e9fono particularTel\u00e9fono celularCorreo electr\u00f3nico<\/p>\n<p>\u00bfC\u00f3mo puede acceder, rectificar o cancelar sus datos personales, u oponerse a su uso?Usted tiene derecho a conocer qu\u00e9 datos personales tenemos de usted, para qu\u00e9 los utilizamos y las condiciones del uso que les damos (Acceso). Asimismo, es su derecho solicitar la correcci\u00f3n de su informaci\u00f3n personal en caso de que est\u00e9 desactualizada, sea inexacta o incompleta (Rectificaci\u00f3n); que la eliminemos de nuestros registros o bases de datos cuando considere que la misma no est\u00e1 siendo utilizada adecuadamente (Cancelaci\u00f3n); as\u00ed como oponerse al uso de sus datos personales para fines espec\u00edficos (Oposici\u00f3n). Estos derechos se conocen como derechos ARCO.Para el ejercicio de cualquiera de los derechos ARCO, usted deber\u00e1 presentar la solicitud respectiva a trav\u00e9s del siguiente medio:<\/p>\n<p>usted deber\u00e1 presentar la solicitud respectiva ante el Departamento de Datos Personales de ACOPEM.Con relaci\u00f3n al procedimiento y requisitos para el ejercicio de sus derechos ARCO, le informamos lo siguiente:a) \u00bfA trav\u00e9s de qu\u00e9 medios pueden acreditar su identidad el titular y, en su caso, su representante, as\u00ed como la personalidad este \u00faltimo?Por escrito libre con el m\u00ednimo de requisitos se\u00f1alados a continuaci\u00f3n, a la cuenta de correo electr\u00f3nico ventas@acopem.com.mx<\/p>\n<p>b) \u00bfQu\u00e9 informaci\u00f3n y\/o documentaci\u00f3n deber\u00e1 contener la solicitud?Nombre de titular, n\u00famero telef\u00f3nico, correo electr\u00f3nico; Documentos que acrediten la identidad de la persona que solicita, a nombre propio o en representaci\u00f3n del titular, para el ejercicio de los derechos que consagra la Ley;&nbsp;Descripci\u00f3n detallada de los motivos y razones por los cuales solicita el ejercicio de sus derechos. Nombre completo y firma del solicitantec) \u00bfEn cu\u00e1ntos d\u00edas le daremos respuesta a su solicitud?En 15 d\u00edas h\u00e1biles<\/p>\n<p>d) \u00bfPor qu\u00e9 medio le comunicaremos la respuesta a su solicitud?A trav\u00e9s del mismo correo que haya usado para comunicarsee) \u00bfEn qu\u00e9 medios se pueden reproducir los datos personales que, en su caso, solicite?DigitalesLos datos de contacto de la persona o departamento de datos personales, que est\u00e1 a cargo de dar tr\u00e1mite a las solicitudes de derechos ARCO, son los siguientes:a) Nombre de la persona o departamento de datos personales: Departamento de Datos Personalesb) Domicilio: calle Nueva Anzures #10, Santiago Tlaxomulco, Toluca De Lerdo, Edo. M\u00e9x.c) Correo electr\u00f3nico: ventas@acopem.com.mx<\/p>\n<p>Usted puede revocar su consentimiento para el uso de sus datos personalesUsted puede revocar el consentimiento que, en su caso, nos haya otorgado para el tratamiento de sus datos personales. Sin embargo, es importante que tenga en cuenta que no en todos los casos podremos atender su solicitud o concluir el uso de forma inmediata, ya que es posible que por alguna obligaci\u00f3n legal requiramos seguir tratando sus datos personales. Asimismo, usted deber\u00e1 considerar que para ciertos fines, la revocaci\u00f3n de su consentimiento implicar\u00e1 que no le podamos seguir prestando el servicio que nos solicit\u00f3, o la conclusi\u00f3n de su relaci\u00f3n con nosotros.Para revocar su consentimiento deber\u00e1 presentar su solicitud a trav\u00e9s del siguiente medio:<\/p>\n<p>Usted deber\u00e1 presentar la solicitud respectiva ante el Departamento de Datos Personales de ACOPEM.Con relaci\u00f3n al procedimiento y requisitos para la revocaci\u00f3n de su consentimiento, le informamos lo siguiente:a) \u00bfA trav\u00e9s de qu\u00e9 medios pueden acreditar su identidad el titular y, en su caso, su representante, as\u00ed como la personalidad este \u00faltimo?Por escrito libre con el m\u00ednimo de requisitos se\u00f1alados a continuaci\u00f3n, a la cuenta de correo electr\u00f3nico ventas@acopem.com.mxb) \u00bfQu\u00e9 informaci\u00f3n y\/o documentaci\u00f3n deber\u00e1 contener la solicitud?1. Nombre del titular y domicilio u otro medio para comunicarle la respuesta a su solicitud; 2. Los documentos que acrediten la identidad o, en su caso, la representaci\u00f3n legal del titular; 3. La descripci\u00f3n clara y precisa de los datos personales respecto de los que se busca ejercer alguno de los derechos ARCO; y 4. Cualquier otro elemento o documento que facilite la localizaci\u00f3n de los datos personales.c) \u00bfEn cu\u00e1ntos d\u00edas le daremos respuesta a su solicitud?En 15 d\u00edas h\u00e1bilesd) \u00bfPor qu\u00e9 medio le comunicaremos la respuesta a su solicitud?Por el correo electr\u00f3nico que haya usado para comunicarse\u00bfC\u00f3mo puede limitar el uso o divulgaci\u00f3n de su informaci\u00f3n personal?Con objeto de que usted pueda limitar el uso y divulgaci\u00f3n de su informaci\u00f3n personal, le ofrecemos los siguientes medios:Usted deber\u00e1 presentar la solicitud respectiva ante el Departamento de Datos Personales de ACOPEM, enviando un mensaje a ventas@acopem.com.mxEl uso de tecnolog\u00edas de rastreo en nuestro portal de internetLe informamos que en nuestra p\u00e1gina de internet utilizamos cookies, web beacons u otras tecnolog\u00edas, a trav\u00e9s de las cuales es posible monitorear su comportamiento como usuario de internet, as\u00ed como brindarle un mejor servicio y experiencia al navegar en nuestra p\u00e1gina. Los datos personales que recabamos a trav\u00e9s de estas tecnolog\u00edas, los utilizaremos para los siguientes fines:Mejorar la experiencia del usuario, marketing y publicidadLos datos personales que obtenemos de estas tecnolog\u00edas de rastreo son los siguientes:Regi\u00f3n en la que se encuentra el usuarioTipo de navegador del usuarioTipo de sistema operativo del usuarioEstas tecnolog\u00edas podr\u00e1n deshabilitarse siguiendo los siguientes pasos: Una cookie se refiere a un fichero que es enviado con la finalidad de solicitar permiso para almacenarse en su ordenador, al aceptar dicho fichero se crea y la cookie sirve entonces para tener informaci\u00f3n respecto al tr\u00e1fico web, y tambi\u00e9n facilita las futuras visitas a una web recurrente. Otra funci\u00f3n que tienen las cookies es que con ellas las web pueden reconocerte individualmente y por tanto brindarte el mejor servicio personalizado de su web. Nuestro sitio web emplea las cookies para poder identificar las p\u00e1ginas que son visitadas y su frecuencia. Esta informaci\u00f3n es empleada \u00fanicamente para an\u00e1lisis estad\u00edstico y despu\u00e9s la informaci\u00f3n se elimina de forma permanente. Usted puede eliminar las cookies en cualquier momento desde su ordenador. Sin embargo las cookies ayudan a proporcionar un mejor servicio de los sitios web, est\u00e1s no dan acceso a informaci\u00f3n de su ordenador ni de usted, a menos de que usted as\u00ed lo quiera y la proporcione directamente . Usted puede aceptar o negar el uso de cookies, sin embargo la mayor\u00eda de navegadores aceptan cookies autom\u00e1ticamente pues sirve para tener un mejor servicio web. Tambi\u00e9n usted puede cambiar la configuraci\u00f3n de su ordenador para declinar las cookies. Si se declinan es posible que no pueda utilizar algunos de nuestros servicios..\u00bfC\u00f3mo puede conocer los cambios en este aviso de privacidad?El presente aviso de privacidad puede sufrir modificaciones, cambios o actualizaciones derivadas de nuevos requerimientos legales; de nuestras propias necesidades por los productos o servicios que ofrecemos; de nuestras pr\u00e1cticas de privacidad; de cambios en nuestro modelo de negocio, o por otras causas.Nos comprometemos a mantenerlo informado sobre los cambios que pueda sufrir el presente aviso de privacidad, a trav\u00e9s de: A trav\u00e9s del sitio web acopem.com.mx.El procedimiento a trav\u00e9s del cual se llevar\u00e1n a cabo las notificaciones sobre cambios o actualizaciones al presente aviso de privacidad es el siguiente:El aviso de privacidad est\u00e1 disponible siempre a trav\u00e9s del sitio web, cualquier usuario interesado en conocer el tratamiento que se le da a su informaci\u00f3n, puede visualizar el aviso en el momento que desee.<\/p>","protected":false},"excerpt":{"rendered":"<p>ACOPEM, con domicilio en calle Nueva Anzures #10, Santiago Tlaxomulco, Toluca De Lerdo, Edo. M\u00e9x., y portal de internet acopem.com.mx, es el responsable del uso y protecci\u00f3n de sus datos personales, y al respecto le informamos lo siguiente: \u00bfPara qu\u00e9 fines utilizaremos sus datos personales?Los datos personales que recabamos de usted, los utilizaremos para las [&hellip;]<\/p>","protected":false},"author":1,"featured_media":0,"parent":0,"menu_order":0,"comment_status":"closed","ping_status":"closed","template":"","meta":{"footnotes":""},"class_list":["post-32","page","type-page","status-publish","hentry","post-wrapper","thrv_wrapper"],"_links":{"self":[{"href":"https:\/\/acopem.com.mx\/en\/wp-json\/wp\/v2\/pages\/32","targetHints":{"allow":["GET"]}}],"collection":[{"href":"https:\/\/acopem.com.mx\/en\/wp-json\/wp\/v2\/pages"}],"about":[{"href":"https:\/\/acopem.com.mx\/en\/wp-json\/wp\/v2\/types\/page"}],"author":[{"embeddable":true,"href":"https:\/\/acopem.com.mx\/en\/wp-json\/wp\/v2\/users\/1"}],"replies":[{"embeddable":true,"href":"https:\/\/acopem.com.mx\/en\/wp-json\/wp\/v2\/comments?post=32"}],"version-history":[{"count":14,"href":"https:\/\/acopem.com.mx\/en\/wp-json\/wp\/v2\/pages\/32\/revisions"}],"predecessor-version":[{"id":61,"href":"https:\/\/acopem.com.mx\/en\/wp-json\/wp\/v2\/pages\/32\/revisions\/61"}],"wp:attachment":[{"href":"https:\/\/acopem.com.mx\/en\/wp-json\/wp\/v2\/media?parent=32"}],"curies":[{"name":"wp","href":"https:\/\/api.w.org\/{rel}","templated":true}]}}